{"id":4106,"date":"2023-10-04T06:28:00","date_gmt":"2023-10-04T06:28:00","guid":{"rendered":"https:\/\/casa-kua.com\/?page_id=4106"},"modified":"2023-10-17T15:00:18","modified_gmt":"2023-10-17T15:00:18","slug":"holistic-care","status":"publish","type":"page","link":"https:\/\/casa-kua.com\/de\/holistic-care\/","title":{"rendered":"Holistic Care"},"content":{"rendered":"\t\t<div data-elementor-type=\"wp-post\" data-elementor-id=\"4106\" class=\"elementor elementor-4106\">\n\t\t\t\t\t\t<section class=\"elementor-section elementor-top-section elementor-element elementor-element-8b5c2cf elementor-section-boxed elementor-section-height-default elementor-section-height-default\" data-id=\"8b5c2cf\" data-element_type=\"section\" data-e-type=\"section\" data-settings=\"{&quot;jet_parallax_layout_list&quot;:[{&quot;jet_parallax_layout_image&quot;:{&quot;url&quot;:&quot;&quot;,&quot;id&quot;:&quot;&quot;,&quot;size&quot;:&quot;&quot;},&quot;_id&quot;:&quot;28162b8&quot;,&quot;jet_parallax_layout_speed&quot;:{&quot;unit&quot;:&quot;%&quot;,&quot;size&quot;:&quot;50&quot;,&quot;sizes&quot;:[]},&quot;jet_parallax_layout_bg_x&quot;:&quot;50&quot;,&quot;jet_parallax_layout_bg_y&quot;:&quot;50&quot;,&quot;jet_parallax_layout_image_tablet&quot;:{&quot;url&quot;:&quot;&quot;,&quot;id&quot;:&quot;&quot;,&quot;size&quot;:&quot;&quot;},&quot;jet_parallax_layout_image_mobile&quot;:{&quot;url&quot;:&quot;&quot;,&quot;id&quot;:&quot;&quot;,&quot;size&quot;:&quot;&quot;},&quot;jet_parallax_layout_type&quot;:&quot;scroll&quot;,&quot;jet_parallax_layout_direction&quot;:null,&quot;jet_parallax_layout_fx_direction&quot;:null,&quot;jet_parallax_layout_z_index&quot;:&quot;&quot;,&quot;jet_parallax_layout_bg_x_tablet&quot;:&quot;&quot;,&quot;jet_parallax_layout_bg_x_mobile&quot;:&quot;&quot;,&quot;jet_parallax_layout_bg_y_tablet&quot;:&quot;&quot;,&quot;jet_parallax_layout_bg_y_mobile&quot;:&quot;&quot;,&quot;jet_parallax_layout_bg_size&quot;:&quot;auto&quot;,&quot;jet_parallax_layout_bg_size_tablet&quot;:&quot;&quot;,&quot;jet_parallax_layout_bg_size_mobile&quot;:&quot;&quot;,&quot;jet_parallax_layout_animation_prop&quot;:&quot;transform&quot;,&quot;jet_parallax_layout_on&quot;:[&quot;desktop&quot;,&quot;tablet&quot;]}],&quot;background_background&quot;:&quot;classic&quot;}\">\n\t\t\t\t\t\t<div class=\"elementor-container elementor-column-gap-default\">\n\t\t\t\t\t<div class=\"elementor-column elementor-col-100 elementor-top-column elementor-element elementor-element-8bce3be\" data-id=\"8bce3be\" data-element_type=\"column\" data-e-type=\"column\">\n\t\t\t<div class=\"elementor-widget-wrap elementor-element-populated\">\n\t\t\t\t\t\t<div class=\"elementor-element elementor-element-fde3025 elementor-widget elementor-widget-heading\" data-id=\"fde3025\" data-element_type=\"widget\" data-e-type=\"widget\" data-widget_type=\"heading.default\">\n\t\t\t\t<div class=\"elementor-widget-container\">\n\t\t\t\t\t<h1 class=\"elementor-heading-title elementor-size-xxl\"><br>Holistic care<br><br><\/h1>\t\t\t\t<\/div>\n\t\t\t\t<\/div>\n\t\t\t\t\t<\/div>\n\t\t<\/div>\n\t\t\t\t\t<\/div>\n\t\t<\/section>\n\t\t\t\t<section class=\"elementor-section elementor-top-section elementor-element elementor-element-bf243cb elementor-section-boxed elementor-section-height-default elementor-section-height-default\" data-id=\"bf243cb\" data-element_type=\"section\" data-e-type=\"section\" data-settings=\"{&quot;jet_parallax_layout_list&quot;:[{&quot;jet_parallax_layout_image&quot;:{&quot;url&quot;:&quot;&quot;,&quot;id&quot;:&quot;&quot;,&quot;size&quot;:&quot;&quot;},&quot;_id&quot;:&quot;041bb5a&quot;,&quot;jet_parallax_layout_speed&quot;:{&quot;unit&quot;:&quot;%&quot;,&quot;size&quot;:&quot;50&quot;,&quot;sizes&quot;:[]},&quot;jet_parallax_layout_bg_x&quot;:&quot;50&quot;,&quot;jet_parallax_layout_bg_y&quot;:&quot;50&quot;,&quot;jet_parallax_layout_image_tablet&quot;:{&quot;url&quot;:&quot;&quot;,&quot;id&quot;:&quot;&quot;,&quot;size&quot;:&quot;&quot;},&quot;jet_parallax_layout_image_mobile&quot;:{&quot;url&quot;:&quot;&quot;,&quot;id&quot;:&quot;&quot;,&quot;size&quot;:&quot;&quot;},&quot;jet_parallax_layout_type&quot;:&quot;scroll&quot;,&quot;jet_parallax_layout_direction&quot;:null,&quot;jet_parallax_layout_fx_direction&quot;:null,&quot;jet_parallax_layout_z_index&quot;:&quot;&quot;,&quot;jet_parallax_layout_bg_x_tablet&quot;:&quot;&quot;,&quot;jet_parallax_layout_bg_x_mobile&quot;:&quot;&quot;,&quot;jet_parallax_layout_bg_y_tablet&quot;:&quot;&quot;,&quot;jet_parallax_layout_bg_y_mobile&quot;:&quot;&quot;,&quot;jet_parallax_layout_bg_size&quot;:&quot;auto&quot;,&quot;jet_parallax_layout_bg_size_tablet&quot;:&quot;&quot;,&quot;jet_parallax_layout_bg_size_mobile&quot;:&quot;&quot;,&quot;jet_parallax_layout_animation_prop&quot;:&quot;transform&quot;,&quot;jet_parallax_layout_on&quot;:[&quot;desktop&quot;,&quot;tablet&quot;]}],&quot;background_background&quot;:&quot;classic&quot;}\">\n\t\t\t\t\t\t<div class=\"elementor-container elementor-column-gap-default\">\n\t\t\t\t\t<div class=\"elementor-column elementor-col-50 elementor-top-column elementor-element elementor-element-58c186a\" data-id=\"58c186a\" data-element_type=\"column\" data-e-type=\"column\">\n\t\t\t<div class=\"elementor-widget-wrap elementor-element-populated\">\n\t\t\t\t\t\t<div class=\"elementor-element elementor-element-1b9abbb elementor-widget elementor-widget-raven-image\" data-id=\"1b9abbb\" data-element_type=\"widget\" data-e-type=\"widget\" data-widget_type=\"raven-image.default\">\n\t\t\t\t<div class=\"elementor-widget-container\">\n\t\t\t\t\t\t\t<div class=\"raven-image\">\n\t\t\n\t\t\n\t\t<img loading=\"lazy\" decoding=\"async\" loading=\"lazy\" width=\"2480\" height=\"2480\" src=\"https:\/\/i0.wp.com\/casa-kua.com\/wp-content\/uploads\/2023\/10\/IMG_0678.jpg?fit=2480%2C2480&amp;ssl=1\" class=\"attachment-full size-full wp-image-4150\" alt=\"\" srcset=\"https:\/\/i0.wp.com\/casa-kua.com\/wp-content\/uploads\/2023\/10\/IMG_0678.jpg?w=2480&amp;ssl=1 2480w, https:\/\/i0.wp.com\/casa-kua.com\/wp-content\/uploads\/2023\/10\/IMG_0678.jpg?resize=300%2C300&amp;ssl=1 300w, https:\/\/i0.wp.com\/casa-kua.com\/wp-content\/uploads\/2023\/10\/IMG_0678.jpg?resize=1024%2C1024&amp;ssl=1 1024w, https:\/\/i0.wp.com\/casa-kua.com\/wp-content\/uploads\/2023\/10\/IMG_0678.jpg?resize=150%2C150&amp;ssl=1 150w, https:\/\/i0.wp.com\/casa-kua.com\/wp-content\/uploads\/2023\/10\/IMG_0678.jpg?resize=768%2C768&amp;ssl=1 768w, https:\/\/i0.wp.com\/casa-kua.com\/wp-content\/uploads\/2023\/10\/IMG_0678.jpg?resize=1536%2C1536&amp;ssl=1 1536w, https:\/\/i0.wp.com\/casa-kua.com\/wp-content\/uploads\/2023\/10\/IMG_0678.jpg?w=2000&amp;ssl=1 2000w\" sizes=\"auto, (max-width: 1000px) 100vw, 1000px\" \/>\t\t<\/div>\n\t\t\t\t\t\t<\/div>\n\t\t\t\t<\/div>\n\t\t\t\t\t<\/div>\n\t\t<\/div>\n\t\t\t\t<div class=\"elementor-column elementor-col-50 elementor-top-column elementor-element elementor-element-990fcf8\" data-id=\"990fcf8\" data-element_type=\"column\" data-e-type=\"column\">\n\t\t\t<div class=\"elementor-widget-wrap elementor-element-populated\">\n\t\t\t\t\t\t<div class=\"elementor-element elementor-element-12fb5c9 elementor-widget elementor-widget-text-editor\" data-id=\"12fb5c9\" data-element_type=\"widget\" data-e-type=\"widget\" data-widget_type=\"text-editor.default\">\n\t\t\t\t<div class=\"elementor-widget-container\">\n\t\t\t\t\t\t\t\t\t<p style=\"margin-right: 0px; margin-bottom: 0px; margin-left: 0px; font-style: normal; font-variant-caps: normal; font-stretch: normal; font-size: 14px; line-height: normal; font-family: 'Helvetica Neue'; font-size-adjust: none; font-kerning: auto; font-variant-alternates: normal; font-variant-ligatures: normal; font-variant-numeric: normal; font-variant-east-asian: normal; font-variant-position: normal; font-feature-settings: normal; font-optical-sizing: auto; font-variation-settings: normal;\">EN<\/p>\n<p style=\"margin-right: 0px; margin-bottom: 0px; margin-left: 0px; font-style: normal; font-variant-caps: normal; font-stretch: normal; font-size: 14px; line-height: normal; font-family: 'Helvetica Neue'; font-size-adjust: none; font-kerning: auto; font-variant-alternates: normal; font-variant-ligatures: normal; font-variant-numeric: normal; font-variant-east-asian: normal; font-variant-position: normal; font-feature-settings: normal; font-optical-sizing: auto; font-variation-settings: normal;\"><b>Do you need help with bureaucratic forms<\/b> in Germany? To apply for state fundings? To understand official letters? Do you need help making appointments with doctors or lawyers?&nbsp;<\/p><p style=\"margin-right: 0px; margin-bottom: 0px; margin-left: 0px; font-style: normal; font-variant-caps: normal; font-stretch: normal; font-size: 14px; line-height: normal; font-family: 'Helvetica Neue'; font-size-adjust: none; font-kerning: auto; font-variant-alternates: normal; font-variant-ligatures: normal; font-variant-numeric: normal; font-variant-east-asian: normal; font-variant-position: normal; font-feature-settings: normal; font-optical-sizing: auto; font-variation-settings: normal;\"><br><\/p>\n<p style=\"margin-right: 0px; margin-bottom: 0px; margin-left: 0px; font-style: normal; font-variant-caps: normal; font-stretch: normal; font-size: 14px; line-height: normal; font-family: 'Helvetica Neue'; font-size-adjust: none; font-kerning: auto; font-variant-alternates: normal; font-variant-ligatures: normal; font-variant-numeric: normal; font-variant-east-asian: normal; font-variant-position: normal; font-feature-settings: normal; font-optical-sizing: auto; font-variation-settings: normal;\">\n<\/p><p style=\"margin-right: 0px; margin-bottom: 0px; margin-left: 0px; font-style: normal; font-variant-caps: normal; font-stretch: normal; font-size: 14px; line-height: normal; font-family: 'Helvetica Neue'; font-size-adjust: none; font-kerning: auto; font-variant-alternates: normal; font-variant-ligatures: normal; font-variant-numeric: normal; font-variant-east-asian: normal; font-variant-position: normal; font-feature-settings: normal; font-optical-sizing: auto; font-variation-settings: normal;\"><b>Do you experience stress or struggle emotionally <\/b>in Germany? Do you need someone&#8217;s support to process your experiences, feelings and find better copping ways? Our psychological, somatic&nbsp; and holistic health support offers space to talk, get grounded, figure out needs and possible solutions for your current situation. They can help you find further ressources.<\/p><p style=\"margin-right: 0px; margin-bottom: 0px; margin-left: 0px; font-style: normal; font-variant-caps: normal; font-stretch: normal; font-size: 14px; line-height: normal; font-family: 'Helvetica Neue'; font-size-adjust: none; font-kerning: auto; font-variant-alternates: normal; font-variant-ligatures: normal; font-variant-numeric: normal; font-variant-east-asian: normal; font-variant-position: normal; font-feature-settings: normal; font-optical-sizing: auto; font-variation-settings: normal;\"><br><\/p>\n<p style=\"margin-right: 0px; margin-bottom: 0px; margin-left: 0px; font-style: normal; font-variant-caps: normal; font-stretch: normal; font-size: 14px; line-height: normal; font-family: 'Helvetica Neue'; font-size-adjust: none; font-kerning: auto; font-variant-alternates: normal; font-variant-ligatures: normal; font-variant-numeric: normal; font-variant-east-asian: normal; font-variant-position: normal; font-feature-settings: normal; font-optical-sizing: auto; font-variation-settings: normal;\">\n<\/p><p style=\"margin-right: 0px; margin-bottom: 0px; margin-left: 0px; font-style: normal; font-variant-caps: normal; font-stretch: normal; font-size: 14px; line-height: normal; font-family: 'Helvetica Neue'; font-size-adjust: none; font-kerning: auto; font-variant-alternates: normal; font-variant-ligatures: normal; font-variant-numeric: normal; font-variant-east-asian: normal; font-variant-position: normal; font-feature-settings: normal; font-optical-sizing: auto; font-variation-settings: normal;\">Our holistic support team consists of counselers and practicioners with different trainings and specialties to cater your needs. The holistic support contains&nbsp;socio-bureaucratic support, psycho-emotional support and somatic\/holistic support.<\/p><p style=\"margin-right: 0px; margin-bottom: 0px; margin-left: 0px; font-style: normal; font-variant-caps: normal; font-stretch: normal; font-size: 14px; line-height: normal; font-family: 'Helvetica Neue'; font-size-adjust: none; font-kerning: auto; font-variant-alternates: normal; font-variant-ligatures: normal; font-variant-numeric: normal; font-variant-east-asian: normal; font-variant-position: normal; font-feature-settings: normal; font-optical-sizing: auto; font-variation-settings: normal;\"><br><\/p>\n<p style=\"margin-right: 0px; margin-bottom: 0px; margin-left: 0px; font-style: normal; font-variant-caps: normal; font-stretch: normal; font-size: 14px; line-height: normal; font-family: 'Helvetica Neue'; font-size-adjust: none; font-kerning: auto; font-variant-alternates: normal; font-variant-ligatures: normal; font-variant-numeric: normal; font-variant-east-asian: normal; font-variant-position: normal; font-feature-settings: normal; font-optical-sizing: auto; font-variation-settings: normal;\">\n<\/p><p style=\"margin-right: 0px; margin-bottom: 0px; margin-left: 0px; font-style: normal; font-variant-caps: normal; font-stretch: normal; font-size: 14px; line-height: normal; font-family: 'Helvetica Neue'; font-size-adjust: none; font-kerning: auto; font-variant-alternates: normal; font-variant-ligatures: normal; font-variant-numeric: normal; font-variant-east-asian: normal; font-variant-position: normal; font-feature-settings: normal; font-optical-sizing: auto; font-variation-settings: normal;\">All support offers are free of charge and&nbsp;primarely centering TIN* and queer Black and Brown or racialized people, queer and TIN* people who are migrants, refugees or undocumented.<\/p>\n<p style=\"margin-right: 0px; margin-bottom: 0px; margin-left: 0px; font-style: normal; font-variant-caps: normal; font-stretch: normal; font-size: 14px; line-height: normal; font-family: 'Helvetica Neue'; font-size-adjust: none; font-kerning: auto; font-variant-alternates: normal; font-variant-ligatures: normal; font-variant-numeric: normal; font-variant-east-asian: normal; font-variant-position: normal; font-feature-settings: normal; font-optical-sizing: auto; font-variation-settings: normal;\"><br><\/p>\n<p style=\"margin-right: 0px; margin-bottom: 0px; margin-left: 0px; font-style: normal; font-variant-caps: normal; font-stretch: normal; font-size: 14px; line-height: normal; font-family: 'Helvetica Neue'; font-size-adjust: none; font-kerning: auto; font-variant-alternates: normal; font-variant-ligatures: normal; font-variant-numeric: normal; font-variant-east-asian: normal; font-variant-position: normal; font-feature-settings: normal; font-optical-sizing: auto; font-variation-settings: normal;\">To make an appointment please write an email to:<span style=\"color: #b02621;\">&nbsp;<span style=\"text-decoration: underline; color: #0000e9;\"><a href=\"mailto:holistic@casa-kua.com\">holistic@casa-kua.com<\/a><\/span><\/span><\/p>\n<p style=\"margin-right: 0px; margin-bottom: 0px; margin-left: 0px; font-style: normal; font-variant-caps: normal; font-stretch: normal; font-size: 14px; line-height: normal; font-family: 'Helvetica Neue'; font-size-adjust: none; font-kerning: auto; font-variant-alternates: normal; font-variant-ligatures: normal; font-variant-numeric: normal; font-variant-east-asian: normal; font-variant-position: normal; font-feature-settings: normal; font-optical-sizing: auto; font-variation-settings: normal;\"><span style=\"color: #b02621;\">&nbsp;<\/span><\/p>\n<p style=\"margin-right: 0px; margin-bottom: 0px; margin-left: 0px; font-style: normal; font-variant-caps: normal; font-stretch: normal; font-size: 14px; line-height: normal; font-family: 'Helvetica Neue'; font-size-adjust: none; font-kerning: auto; font-variant-alternates: normal; font-variant-ligatures: normal; font-variant-numeric: normal; font-variant-east-asian: normal; font-variant-position: normal; font-feature-settings: normal; font-optical-sizing: auto; font-variation-settings: normal;\"><b>DE<br><\/b>Brauchst du <b>Hilfe bei b\u00fcrokratischen Formularen<\/b> in Deutschland?&nbsp; Wie beantrage ich z.B. B\u00fcrgergeld und wie erf\u00fclle ich die Anforderungen? Geht es um das Verstehen amtlicher Schreiben? Oder brauchst du Hilfe bei der Vereinbarung von Terminen mit \u00c4rzten oder Anw\u00e4lten?&nbsp;<\/p><p style=\"margin-right: 0px; margin-bottom: 0px; margin-left: 0px; font-style: normal; font-variant-caps: normal; font-stretch: normal; font-size: 14px; line-height: normal; font-family: 'Helvetica Neue'; font-size-adjust: none; font-kerning: auto; font-variant-alternates: normal; font-variant-ligatures: normal; font-variant-numeric: normal; font-variant-east-asian: normal; font-variant-position: normal; font-feature-settings: normal; font-optical-sizing: auto; font-variation-settings: normal;\"><br><\/p>\n<p style=\"margin-right: 0px; margin-bottom: 0px; margin-left: 0px; font-style: normal; font-variant-caps: normal; font-stretch: normal; font-size: 14px; line-height: normal; font-family: 'Helvetica Neue'; font-size-adjust: none; font-kerning: auto; font-variant-alternates: normal; font-variant-ligatures: normal; font-variant-numeric: normal; font-variant-east-asian: normal; font-variant-position: normal; font-feature-settings: normal; font-optical-sizing: auto; font-variation-settings: normal;\">\n<\/p><p style=\"margin-right: 0px; margin-bottom: 0px; margin-left: 0px; font-style: normal; font-variant-caps: normal; font-stretch: normal; font-size: 14px; line-height: normal; font-family: 'Helvetica Neue'; font-size-adjust: none; font-kerning: auto; font-variant-alternates: normal; font-variant-ligatures: normal; font-variant-numeric: normal; font-variant-east-asian: normal; font-variant-position: normal; font-feature-settings: normal; font-optical-sizing: auto; font-variation-settings: normal;\">Oder <b>m\u00f6chtest Du mit jemanden reden und brauchst emotionalen Unterst\u00fctzung<\/b>, um Erfahrungen und Gef\u00fchle zu verarbeiten und Wege zu finden, mit deiner Situation besser umzugehen? Unsere psychologische, somatische und ganzheitliche Gesundheitsberatung bietet Raum f\u00fcr Gespr\u00e4che und&nbsp;ganzheitliche Methoden, um Bed\u00fcrfnisse und L\u00f6sungsm\u00f6glichkeiten in aktuellen (Krisen-) Situation herauszufinden und m\u00f6chte helfen, weitere Ressourcen zu erarbeiten.<\/p><p style=\"margin-right: 0px; margin-bottom: 0px; margin-left: 0px; font-style: normal; font-variant-caps: normal; font-stretch: normal; font-size: 14px; line-height: normal; font-family: 'Helvetica Neue'; font-size-adjust: none; font-kerning: auto; font-variant-alternates: normal; font-variant-ligatures: normal; font-variant-numeric: normal; font-variant-east-asian: normal; font-variant-position: normal; font-feature-settings: normal; font-optical-sizing: auto; font-variation-settings: normal;\"><br><\/p>\n<p style=\"margin-right: 0px; margin-bottom: 0px; margin-left: 0px; font-style: normal; font-variant-caps: normal; font-stretch: normal; font-size: 14px; line-height: normal; font-family: 'Helvetica Neue'; font-size-adjust: none; font-kerning: auto; font-variant-alternates: normal; font-variant-ligatures: normal; font-variant-numeric: normal; font-variant-east-asian: normal; font-variant-position: normal; font-feature-settings: normal; font-optical-sizing: auto; font-variation-settings: normal;\">\n<\/p><p style=\"margin-right: 0px; margin-bottom: 0px; margin-left: 0px; font-style: normal; font-variant-caps: normal; font-stretch: normal; font-size: 14px; line-height: normal; font-family: 'Helvetica Neue'; font-size-adjust: none; font-kerning: auto; font-variant-alternates: normal; font-variant-ligatures: normal; font-variant-numeric: normal; font-variant-east-asian: normal; font-variant-position: normal; font-feature-settings: normal; font-optical-sizing: auto; font-variation-settings: normal;\">Unser ganzheitlicher Unterst\u00fctzung&nbsp;besteht aus Berater*innen und Praktizierenden mit unterschiedlichen Ausbildungen und Spezialisierungen. Es umfasst Themen wie sozial-b\u00fcrokratische Unterst\u00fctzung, psycho-emotionale Unterst\u00fctzung und somatische\/holistische.<\/p><p style=\"margin-right: 0px; margin-bottom: 0px; margin-left: 0px; font-style: normal; font-variant-caps: normal; font-stretch: normal; font-size: 14px; line-height: normal; font-family: 'Helvetica Neue'; font-size-adjust: none; font-kerning: auto; font-variant-alternates: normal; font-variant-ligatures: normal; font-variant-numeric: normal; font-variant-east-asian: normal; font-variant-position: normal; font-feature-settings: normal; font-optical-sizing: auto; font-variation-settings: normal;\"><br><\/p>\n<p style=\"margin-right: 0px; margin-bottom: 0px; margin-left: 0px; font-style: normal; font-variant-caps: normal; font-stretch: normal; font-size: 14px; line-height: normal; font-family: 'Helvetica Neue'; font-size-adjust: none; font-kerning: auto; font-variant-alternates: normal; font-variant-ligatures: normal; font-variant-numeric: normal; font-variant-east-asian: normal; font-variant-position: normal; font-feature-settings: normal; font-optical-sizing: auto; font-variation-settings: normal;\">Die Unterst\u00fctzungsangebote sind kostenlos und richten sich in erster Linie an TIN* und queere Schwarze oder rassifizierte Menschen, an queere Menschen mit Migrationshintergrund, queere und TIN* Gefl\u00fcchtete oder Menschen ohne Papiere.<\/p><p style=\"margin-right: 0px; margin-bottom: 0px; margin-left: 0px; font-style: normal; font-variant-caps: normal; font-stretch: normal; font-size: 14px; line-height: normal; font-family: 'Helvetica Neue'; font-size-adjust: none; font-kerning: auto; font-variant-alternates: normal; font-variant-ligatures: normal; font-variant-numeric: normal; font-variant-east-asian: normal; font-variant-position: normal; font-feature-settings: normal; font-optical-sizing: auto; font-variation-settings: normal;\"><br><\/p>\n<p style=\"margin-right: 0px; margin-bottom: 0px; margin-left: 0px; font-style: normal; font-variant-caps: normal; font-stretch: normal; font-size: 14px; line-height: normal; font-family: 'Helvetica Neue'; font-size-adjust: none; font-kerning: auto; font-variant-alternates: normal; font-variant-ligatures: normal; font-variant-numeric: normal; font-variant-east-asian: normal; font-variant-position: normal; font-feature-settings: normal; font-optical-sizing: auto; font-variation-settings: normal;\">Um einen Termin zu vereinbaren,&nbsp; Bitte schreibt&nbsp;eine <b>E-Mail an: <\/b><a href=\"mailto:holistic@casa-kua.com\"><span style=\"text-decoration: underline;\"><b>holistic@casa-kua.com<\/b><\/span><\/a><\/p>\t\t\t\t\t\t\t\t<\/div>\n\t\t\t\t<\/div>\n\t\t\t\t\t<\/div>\n\t\t<\/div>\n\t\t\t\t\t<\/div>\n\t\t<\/section>\n\t\t\t\t<section class=\"elementor-section elementor-top-section elementor-element elementor-element-8d4baac elementor-section-boxed elementor-section-height-default elementor-section-height-default\" data-id=\"8d4baac\" data-element_type=\"section\" data-e-type=\"section\" data-settings=\"{&quot;jet_parallax_layout_list&quot;:[{&quot;jet_parallax_layout_image&quot;:{&quot;url&quot;:&quot;&quot;,&quot;id&quot;:&quot;&quot;,&quot;size&quot;:&quot;&quot;},&quot;_id&quot;:&quot;74a0568&quot;,&quot;jet_parallax_layout_image_tablet&quot;:{&quot;url&quot;:&quot;&quot;,&quot;id&quot;:&quot;&quot;,&quot;size&quot;:&quot;&quot;},&quot;jet_parallax_layout_image_mobile&quot;:{&quot;url&quot;:&quot;&quot;,&quot;id&quot;:&quot;&quot;,&quot;size&quot;:&quot;&quot;},&quot;jet_parallax_layout_speed&quot;:{&quot;unit&quot;:&quot;%&quot;,&quot;size&quot;:50,&quot;sizes&quot;:[]},&quot;jet_parallax_layout_type&quot;:&quot;scroll&quot;,&quot;jet_parallax_layout_direction&quot;:null,&quot;jet_parallax_layout_fx_direction&quot;:null,&quot;jet_parallax_layout_z_index&quot;:&quot;&quot;,&quot;jet_parallax_layout_bg_x&quot;:50,&quot;jet_parallax_layout_bg_x_tablet&quot;:&quot;&quot;,&quot;jet_parallax_layout_bg_x_mobile&quot;:&quot;&quot;,&quot;jet_parallax_layout_bg_y&quot;:50,&quot;jet_parallax_layout_bg_y_tablet&quot;:&quot;&quot;,&quot;jet_parallax_layout_bg_y_mobile&quot;:&quot;&quot;,&quot;jet_parallax_layout_bg_size&quot;:&quot;auto&quot;,&quot;jet_parallax_layout_bg_size_tablet&quot;:&quot;&quot;,&quot;jet_parallax_layout_bg_size_mobile&quot;:&quot;&quot;,&quot;jet_parallax_layout_animation_prop&quot;:&quot;transform&quot;,&quot;jet_parallax_layout_on&quot;:[&quot;desktop&quot;,&quot;tablet&quot;]}]}\">\n\t\t\t\t\t\t<div class=\"elementor-container elementor-column-gap-default\">\n\t\t\t\t\t<div class=\"elementor-column elementor-col-100 elementor-top-column elementor-element elementor-element-4a56d8b\" data-id=\"4a56d8b\" data-element_type=\"column\" data-e-type=\"column\">\n\t\t\t<div class=\"elementor-widget-wrap\">\n\t\t\t\t\t\t\t<\/div>\n\t\t<\/div>\n\t\t\t\t\t<\/div>\n\t\t<\/section>\n\t\t\t\t<\/div>\n\t\t","protected":false},"excerpt":{"rendered":"<p>Holistic care EN Do you need help with bureaucratic forms in Germany? To apply for state fundings? To understand official letters? Do you need help making appointments with doctors or [&hellip;]<\/p>\n","protected":false},"author":2,"featured_media":0,"parent":0,"menu_order":0,"comment_status":"closed","ping_status":"closed","template":"elementor_header_footer","meta":{"_acf_changed":false,"nf_dc_page":"","_monsterinsights_skip_tracking":false,"_monsterinsights_sitenote_active":false,"_monsterinsights_sitenote_note":"","_monsterinsights_sitenote_category":0,"footnotes":""},"class_list":["post-4106","page","type-page","status-publish","hentry"],"acf":[],"jetpack_sharing_enabled":true,"jetpack_shortlink":"https:\/\/wp.me\/PcirZ0-14e","_links":{"self":[{"href":"https:\/\/casa-kua.com\/de\/wp-json\/wp\/v2\/pages\/4106","targetHints":{"allow":["GET"]}}],"collection":[{"href":"https:\/\/casa-kua.com\/de\/wp-json\/wp\/v2\/pages"}],"about":[{"href":"https:\/\/casa-kua.com\/de\/wp-json\/wp\/v2\/types\/page"}],"author":[{"embeddable":true,"href":"https:\/\/casa-kua.com\/de\/wp-json\/wp\/v2\/users\/2"}],"replies":[{"embeddable":true,"href":"https:\/\/casa-kua.com\/de\/wp-json\/wp\/v2\/comments?post=4106"}],"version-history":[{"count":5,"href":"https:\/\/casa-kua.com\/de\/wp-json\/wp\/v2\/pages\/4106\/revisions"}],"predecessor-version":[{"id":4156,"href":"https:\/\/casa-kua.com\/de\/wp-json\/wp\/v2\/pages\/4106\/revisions\/4156"}],"wp:attachment":[{"href":"https:\/\/casa-kua.com\/de\/wp-json\/wp\/v2\/media?parent=4106"}],"curies":[{"name":"wp","href":"https:\/\/api.w.org\/{rel}","templated":true}]}}