{"id":4818,"date":"2025-10-15T12:01:26","date_gmt":"2025-10-15T10:01:26","guid":{"rendered":"https:\/\/casa-kua.com\/?page_id=4818"},"modified":"2025-11-25T18:32:14","modified_gmt":"2025-11-25T16:32:14","slug":"tuul","status":"publish","type":"page","link":"https:\/\/casa-kua.com\/de\/tuul\/","title":{"rendered":"tuul"},"content":{"rendered":"\t\t<div data-elementor-type=\"wp-post\" data-elementor-id=\"4818\" class=\"elementor elementor-4818\">\n\t\t\t\t\t\t<section class=\"elementor-section elementor-top-section elementor-element elementor-element-8b5c2cf elementor-section-boxed elementor-section-height-default elementor-section-height-default\" data-id=\"8b5c2cf\" data-element_type=\"section\" data-e-type=\"section\" data-settings=\"{&quot;jet_parallax_layout_list&quot;:[{&quot;jet_parallax_layout_image&quot;:{&quot;url&quot;:&quot;&quot;,&quot;id&quot;:&quot;&quot;,&quot;size&quot;:&quot;&quot;},&quot;_id&quot;:&quot;28162b8&quot;,&quot;jet_parallax_layout_speed&quot;:{&quot;unit&quot;:&quot;%&quot;,&quot;size&quot;:&quot;50&quot;,&quot;sizes&quot;:[]},&quot;jet_parallax_layout_bg_x&quot;:&quot;50&quot;,&quot;jet_parallax_layout_bg_y&quot;:&quot;50&quot;,&quot;jet_parallax_layout_image_tablet&quot;:{&quot;url&quot;:&quot;&quot;,&quot;id&quot;:&quot;&quot;,&quot;size&quot;:&quot;&quot;},&quot;jet_parallax_layout_image_mobile&quot;:{&quot;url&quot;:&quot;&quot;,&quot;id&quot;:&quot;&quot;,&quot;size&quot;:&quot;&quot;},&quot;jet_parallax_layout_type&quot;:&quot;scroll&quot;,&quot;jet_parallax_layout_direction&quot;:null,&quot;jet_parallax_layout_fx_direction&quot;:null,&quot;jet_parallax_layout_z_index&quot;:&quot;&quot;,&quot;jet_parallax_layout_bg_x_tablet&quot;:&quot;&quot;,&quot;jet_parallax_layout_bg_x_mobile&quot;:&quot;&quot;,&quot;jet_parallax_layout_bg_y_tablet&quot;:&quot;&quot;,&quot;jet_parallax_layout_bg_y_mobile&quot;:&quot;&quot;,&quot;jet_parallax_layout_bg_size&quot;:&quot;auto&quot;,&quot;jet_parallax_layout_bg_size_tablet&quot;:&quot;&quot;,&quot;jet_parallax_layout_bg_size_mobile&quot;:&quot;&quot;,&quot;jet_parallax_layout_animation_prop&quot;:&quot;transform&quot;,&quot;jet_parallax_layout_on&quot;:[&quot;desktop&quot;,&quot;tablet&quot;]}],&quot;background_background&quot;:&quot;classic&quot;}\">\n\t\t\t\t\t\t<div class=\"elementor-container elementor-column-gap-default\">\n\t\t\t\t\t<div class=\"elementor-column elementor-col-100 elementor-top-column elementor-element elementor-element-8bce3be\" data-id=\"8bce3be\" data-element_type=\"column\" data-e-type=\"column\">\n\t\t\t<div class=\"elementor-widget-wrap elementor-element-populated\">\n\t\t\t\t\t\t<div class=\"elementor-element elementor-element-fde3025 elementor-widget elementor-widget-heading\" data-id=\"fde3025\" data-element_type=\"widget\" data-e-type=\"widget\" data-widget_type=\"heading.default\">\n\t\t\t\t<div class=\"elementor-widget-container\">\n\t\t\t\t\t<h1 class=\"elementor-heading-title elementor-size-xxl\">Tuul <\/h1>\t\t\t\t<\/div>\n\t\t\t\t<\/div>\n\t\t\t\t\t<\/div>\n\t\t<\/div>\n\t\t\t\t\t<\/div>\n\t\t<\/section>\n\t\t\t\t<section class=\"elementor-section elementor-top-section elementor-element elementor-element-bf243cb elementor-section-boxed elementor-section-height-default elementor-section-height-default\" data-id=\"bf243cb\" data-element_type=\"section\" data-e-type=\"section\" data-settings=\"{&quot;jet_parallax_layout_list&quot;:[{&quot;jet_parallax_layout_image&quot;:{&quot;url&quot;:&quot;&quot;,&quot;id&quot;:&quot;&quot;,&quot;size&quot;:&quot;&quot;},&quot;_id&quot;:&quot;041bb5a&quot;,&quot;jet_parallax_layout_speed&quot;:{&quot;unit&quot;:&quot;%&quot;,&quot;size&quot;:&quot;50&quot;,&quot;sizes&quot;:[]},&quot;jet_parallax_layout_bg_x&quot;:&quot;50&quot;,&quot;jet_parallax_layout_bg_y&quot;:&quot;50&quot;,&quot;jet_parallax_layout_image_tablet&quot;:{&quot;url&quot;:&quot;&quot;,&quot;id&quot;:&quot;&quot;,&quot;size&quot;:&quot;&quot;},&quot;jet_parallax_layout_image_mobile&quot;:{&quot;url&quot;:&quot;&quot;,&quot;id&quot;:&quot;&quot;,&quot;size&quot;:&quot;&quot;},&quot;jet_parallax_layout_type&quot;:&quot;scroll&quot;,&quot;jet_parallax_layout_direction&quot;:null,&quot;jet_parallax_layout_fx_direction&quot;:null,&quot;jet_parallax_layout_z_index&quot;:&quot;&quot;,&quot;jet_parallax_layout_bg_x_tablet&quot;:&quot;&quot;,&quot;jet_parallax_layout_bg_x_mobile&quot;:&quot;&quot;,&quot;jet_parallax_layout_bg_y_tablet&quot;:&quot;&quot;,&quot;jet_parallax_layout_bg_y_mobile&quot;:&quot;&quot;,&quot;jet_parallax_layout_bg_size&quot;:&quot;auto&quot;,&quot;jet_parallax_layout_bg_size_tablet&quot;:&quot;&quot;,&quot;jet_parallax_layout_bg_size_mobile&quot;:&quot;&quot;,&quot;jet_parallax_layout_animation_prop&quot;:&quot;transform&quot;,&quot;jet_parallax_layout_on&quot;:[&quot;desktop&quot;,&quot;tablet&quot;]}],&quot;background_background&quot;:&quot;classic&quot;}\">\n\t\t\t\t\t\t<div class=\"elementor-container elementor-column-gap-default\">\n\t\t\t\t\t<div class=\"elementor-column elementor-col-50 elementor-top-column elementor-element elementor-element-58c186a\" data-id=\"58c186a\" data-element_type=\"column\" data-e-type=\"column\">\n\t\t\t<div class=\"elementor-widget-wrap elementor-element-populated\">\n\t\t\t\t\t\t<div class=\"elementor-element elementor-element-1b9abbb elementor-widget elementor-widget-raven-image\" data-id=\"1b9abbb\" data-element_type=\"widget\" data-e-type=\"widget\" data-widget_type=\"raven-image.default\">\n\t\t\t\t<div class=\"elementor-widget-container\">\n\t\t\t\t\t\t\t<div class=\"raven-image\">\n\t\t\n\t\t\n\t\t<img loading=\"lazy\" decoding=\"async\" loading=\"lazy\" width=\"1080\" height=\"1080\" src=\"https:\/\/i0.wp.com\/casa-kua.com\/wp-content\/uploads\/2025\/11\/IMG_1463.jpeg?fit=1080%2C1080&amp;ssl=1\" class=\"attachment-full size-full wp-image-4836\" alt=\"\" srcset=\"https:\/\/i0.wp.com\/casa-kua.com\/wp-content\/uploads\/2025\/11\/IMG_1463.jpeg?w=1080&amp;ssl=1 1080w, https:\/\/i0.wp.com\/casa-kua.com\/wp-content\/uploads\/2025\/11\/IMG_1463.jpeg?resize=300%2C300&amp;ssl=1 300w, https:\/\/i0.wp.com\/casa-kua.com\/wp-content\/uploads\/2025\/11\/IMG_1463.jpeg?resize=1024%2C1024&amp;ssl=1 1024w, https:\/\/i0.wp.com\/casa-kua.com\/wp-content\/uploads\/2025\/11\/IMG_1463.jpeg?resize=150%2C150&amp;ssl=1 150w, https:\/\/i0.wp.com\/casa-kua.com\/wp-content\/uploads\/2025\/11\/IMG_1463.jpeg?resize=768%2C768&amp;ssl=1 768w, https:\/\/i0.wp.com\/casa-kua.com\/wp-content\/uploads\/2025\/11\/IMG_1463.jpeg?resize=12%2C12&amp;ssl=1 12w\" sizes=\"auto, (max-width: 1000px) 100vw, 1000px\" \/>\t\t<\/div>\n\t\t\t\t\t\t<\/div>\n\t\t\t\t<\/div>\n\t\t\t\t\t<\/div>\n\t\t<\/div>\n\t\t\t\t<div class=\"elementor-column elementor-col-50 elementor-top-column elementor-element elementor-element-990fcf8\" data-id=\"990fcf8\" data-element_type=\"column\" data-e-type=\"column\">\n\t\t\t<div class=\"elementor-widget-wrap elementor-element-populated\">\n\t\t\t\t\t\t<div class=\"elementor-element elementor-element-12fb5c9 elementor-widget elementor-widget-text-editor\" data-id=\"12fb5c9\" data-element_type=\"widget\" data-e-type=\"widget\" data-widget_type=\"text-editor.default\">\n\t\t\t\t<div class=\"elementor-widget-container\">\n\t\t\t\t\t\t\t\t\t<p><strong>Systemic Counseling<br><\/strong><br>Systemic counseling is a method of psychosocial counseling. You can address any issuetha t concerns you, e.g., dealing with personal or political issues, specifically a decision you want to make, or you simply want temporary support. \u201cSystemic\u201d means that we do not take care of issues in isolation, but also look at the \u201csystems\u201d around us, e.g. our social networks, power&nbsp; tructures, and the contexts in which we have been socialized in.<\/p>\n<p>It is not therapy, but rather a short-term support.<\/p>\n<p>The sessions are oriented around solutions and resources, are trauma-informed and can include body- and experience-based methods. The languages offered are english and<br>german spoken language.<\/p>\n<p><strong>About Tuul (she\/they)<\/strong><br>I\u2019m a systemic counselor in training, social worker, community organizer, workshop facilitator and Muay Thai teacher. I\u2018m a queer adopted person of color, mongolian-german, able-bodied, with passport and class privileges.<\/p>\n<p>For more information or if you have questions, please feel free to send me an e-mail to:<br><em><strong>tuul@posteo.de<br><br><br><\/strong><\/em><\/p>\n<p><strong>Systemische Beratung<br><\/strong><br>Systemische Beratung ist eine Methode der psychosozialen Beratung. Dabei k\u00f6nnen Themen alle sein, die dich besch\u00e4ftigen, z.B Umgang mit pers\u00f6nlichen oder politischen<br>Themen, konkret zu einer Entscheidung, die du treffen m\u00f6chtest oder du w\u00fcnschst dir einfach tempor\u00e4r Unterst\u00fctzung. \u201eSystemisch\u201d bedeutet, dass wir uns nicht isoliert mit<br>Themen besch\u00e4ftigen, sondern beziehen die \u201eSysteme\u201c um uns herum mit ein, z. B. unsere sozialen Netzwerke, gesellschaftliche Strukturen und Kontexte, in denen wir sozialisiert sind.<\/p>\n<p>Es ist keine Therapie, sondern eine M\u00f6glichkeit f\u00fcr kurzfristige Unterst\u00fctzung.<\/p>\n<p>Die Beratung ist l\u00f6sungsorientiert, traumainformiert und konzentriert sich auf Ressourcen. Dabei k\u00f6nnen k\u00f6rper- und erfahrungsbasierte Methoden integriert werden. Die Sitzungen<br>k\u00f6nnen in deutscher oder englischer Lautsprache stattfinden.<\/p>\n<p><strong>\u00dcber Tuul (sie\/they)<\/strong><br>Ich bin in Ausbildung zu systemischer Beratung und au\u00dferdem t\u00e4tig in Sozialer Arbeit, Bildungsarbeit und gebe Thaiboxtrainings. Ich bin queer und adoptiert of Color,<br>mongolisch-deutsch, able-bodied und habe Klassen- und Passprivilegien.&nbsp;<\/p>\n<p>F\u00fcr mehr Informationen und Fragen, schreib mir gerne eine Mail an:<em><strong> tuul@posteo.de<\/strong><\/em><\/p>\t\t\t\t\t\t\t\t<\/div>\n\t\t\t\t<\/div>\n\t\t\t\t\t<\/div>\n\t\t<\/div>\n\t\t\t\t\t<\/div>\n\t\t<\/section>\n\t\t\t\t<section class=\"elementor-section elementor-top-section elementor-element elementor-element-d3a6804 elementor-section-boxed elementor-section-height-default elementor-section-height-default\" data-id=\"d3a6804\" data-element_type=\"section\" data-e-type=\"section\" data-settings=\"{&quot;jet_parallax_layout_list&quot;:[{&quot;jet_parallax_layout_image&quot;:{&quot;url&quot;:&quot;&quot;,&quot;id&quot;:&quot;&quot;,&quot;size&quot;:&quot;&quot;},&quot;_id&quot;:&quot;041bb5a&quot;,&quot;jet_parallax_layout_speed&quot;:{&quot;unit&quot;:&quot;%&quot;,&quot;size&quot;:&quot;50&quot;,&quot;sizes&quot;:[]},&quot;jet_parallax_layout_bg_x&quot;:&quot;50&quot;,&quot;jet_parallax_layout_bg_y&quot;:&quot;50&quot;,&quot;jet_parallax_layout_image_tablet&quot;:{&quot;url&quot;:&quot;&quot;,&quot;id&quot;:&quot;&quot;,&quot;size&quot;:&quot;&quot;},&quot;jet_parallax_layout_image_mobile&quot;:{&quot;url&quot;:&quot;&quot;,&quot;id&quot;:&quot;&quot;,&quot;size&quot;:&quot;&quot;},&quot;jet_parallax_layout_type&quot;:&quot;scroll&quot;,&quot;jet_parallax_layout_direction&quot;:null,&quot;jet_parallax_layout_fx_direction&quot;:null,&quot;jet_parallax_layout_z_index&quot;:&quot;&quot;,&quot;jet_parallax_layout_bg_x_tablet&quot;:&quot;&quot;,&quot;jet_parallax_layout_bg_x_mobile&quot;:&quot;&quot;,&quot;jet_parallax_layout_bg_y_tablet&quot;:&quot;&quot;,&quot;jet_parallax_layout_bg_y_mobile&quot;:&quot;&quot;,&quot;jet_parallax_layout_bg_size&quot;:&quot;auto&quot;,&quot;jet_parallax_layout_bg_size_tablet&quot;:&quot;&quot;,&quot;jet_parallax_layout_bg_size_mobile&quot;:&quot;&quot;,&quot;jet_parallax_layout_animation_prop&quot;:&quot;transform&quot;,&quot;jet_parallax_layout_on&quot;:[&quot;desktop&quot;,&quot;tablet&quot;]}],&quot;background_background&quot;:&quot;classic&quot;}\">\n\t\t\t\t\t\t<div class=\"elementor-container elementor-column-gap-default\">\n\t\t\t\t\t<div class=\"elementor-column elementor-col-100 elementor-top-column elementor-element elementor-element-4b15530\" data-id=\"4b15530\" data-element_type=\"column\" data-e-type=\"column\">\n\t\t\t<div class=\"elementor-widget-wrap elementor-element-populated\">\n\t\t\t\t\t\t<div class=\"elementor-element elementor-element-10b6973 elementor-widget elementor-widget-spacer\" data-id=\"10b6973\" data-element_type=\"widget\" data-e-type=\"widget\" data-widget_type=\"spacer.default\">\n\t\t\t\t<div class=\"elementor-widget-container\">\n\t\t\t\t\t\t\t<div class=\"elementor-spacer\">\n\t\t\t<div class=\"elementor-spacer-inner\"><\/div>\n\t\t<\/div>\n\t\t\t\t\t\t<\/div>\n\t\t\t\t<\/div>\n\t\t\t\t\t<\/div>\n\t\t<\/div>\n\t\t\t\t\t<\/div>\n\t\t<\/section>\n\t\t\t\t<\/div>\n\t\t","protected":false},"excerpt":{"rendered":"<p>Tuul Systemic CounselingSystemic counseling is a method of psychosocial counseling. You can address any issuetha t concerns you, e.g., dealing with personal or political issues, specifically a decision you want [&hellip;]<\/p>\n","protected":false},"author":2,"featured_media":0,"parent":0,"menu_order":0,"comment_status":"closed","ping_status":"closed","template":"elementor_header_footer","meta":{"_acf_changed":false,"nf_dc_page":"","_monsterinsights_skip_tracking":false,"_monsterinsights_sitenote_active":false,"_monsterinsights_sitenote_note":"","_monsterinsights_sitenote_category":0,"footnotes":""},"class_list":["post-4818","page","type-page","status-publish","hentry"],"acf":[],"jetpack_sharing_enabled":true,"jetpack_shortlink":"https:\/\/wp.me\/PcirZ0-1fI","_links":{"self":[{"href":"https:\/\/casa-kua.com\/de\/wp-json\/wp\/v2\/pages\/4818","targetHints":{"allow":["GET"]}}],"collection":[{"href":"https:\/\/casa-kua.com\/de\/wp-json\/wp\/v2\/pages"}],"about":[{"href":"https:\/\/casa-kua.com\/de\/wp-json\/wp\/v2\/types\/page"}],"author":[{"embeddable":true,"href":"https:\/\/casa-kua.com\/de\/wp-json\/wp\/v2\/users\/2"}],"replies":[{"embeddable":true,"href":"https:\/\/casa-kua.com\/de\/wp-json\/wp\/v2\/comments?post=4818"}],"version-history":[{"count":5,"href":"https:\/\/casa-kua.com\/de\/wp-json\/wp\/v2\/pages\/4818\/revisions"}],"predecessor-version":[{"id":4845,"href":"https:\/\/casa-kua.com\/de\/wp-json\/wp\/v2\/pages\/4818\/revisions\/4845"}],"wp:attachment":[{"href":"https:\/\/casa-kua.com\/de\/wp-json\/wp\/v2\/media?parent=4818"}],"curies":[{"name":"wp","href":"https:\/\/api.w.org\/{rel}","templated":true}]}}